{"id":4233,"date":"2017-04-17T21:36:19","date_gmt":"2017-04-18T00:36:19","guid":{"rendered":"https:\/\/www.sorting.com.br\/?page_id=4233"},"modified":"2017-11-20T11:26:05","modified_gmt":"2017-11-20T13:26:05","slug":"missao-visao-e-valores","status":"publish","type":"page","link":"https:\/\/www.sorting.com.br\/en\/quem-somos\/missao-visao-e-valores","title":{"rendered":"Mission, Vision and Values"},"content":{"rendered":"<div class=\"wpb-content-wrapper\"><p>[vc_row css=&#8221;.vc_custom_1452633404470{margin-top: 50px !important;}&#8221;][vc_column][vc_column_text]<\/p>\n<h2>MISS\u00c3O<\/h2>\n<h3><span style=\"color: #666699;\"><em>&#8220;PRESTAR OS MELHORES SERVI\u00c7OS PARA MAXIMIZAR RESULTADOS E AUMENTAR AS VENDAS DAS ORGANIZA\u00c7\u00d5ES.&#8221;<\/em><\/span><\/h3>\n<h2>VIS\u00c3O<\/h2>\n<h3><span style=\"color: #666699;\"><em>&#8220;SER RECONHECIDA COMO A MELHOR PROVEDORA DE SERVI\u00c7OS PARA A MELHORIA DE RESULTADOS E AUMENTO DE VENDAS.&#8221;<\/em><\/span><\/h3>\n<h2>VALORES<\/h2>\n<ul>\n<li>\n<h3><span style=\"color: #666699;\">QUALIDADE SUPERIOR;<\/span><\/h3>\n<\/li>\n<li>\n<h3><span style=\"color: #666699;\">USO INTENSIVO DA TECNOLOGIA;<\/span><\/h3>\n<\/li>\n<li>\n<h3><span style=\"color: #666699;\">FORMA DE TRABALHO DIFERENCIADA;<\/span><\/h3>\n<\/li>\n<li>\n<h3><span style=\"color: #666699;\">GARANTIA DE RESULTADO AOS CLIENTES E \u00c0 EMPRESA.<\/span><\/h3>\n<\/li>\n<\/ul>\n<p>[\/vc_column_text][\/vc_column][\/vc_row]<\/p>\n<\/div>","protected":false},"excerpt":{"rendered":"<p>[vc_row css=&#8221;.vc_custom_1452633404470{margin-top: 50px !important;}&#8221;][vc_column][vc_column_text] MISS\u00c3O &#8220;PRESTAR OS MELHORES SERVI\u00c7OS PARA MAXIMIZAR RESULTADOS E AUMENTAR AS VENDAS DAS ORGANIZA\u00c7\u00d5ES.&#8221; VIS\u00c3O &#8220;SER RECONHECIDA COMO A MELHOR PROVEDORA DE SERVI\u00c7OS PARA A MELHORIA DE RESULTADOS E AUMENTO DE VENDAS.&#8221; VALORES QUALIDADE SUPERIOR; USO INTENSIVO DA TECNOLOGIA; FORMA DE TRABALHO DIFERENCIADA; GARANTIA DE RESULTADO AOS CLIENTES E \u00c0 EMPRESA. [&hellip;]<\/p>\n","protected":false},"author":2,"featured_media":0,"parent":1196,"menu_order":0,"comment_status":"closed","ping_status":"closed","template":"","meta":{"footnotes":""},"class_list":["post-4233","page","type-page","status-publish","hentry"],"translation":{"provider":"WPGlobus","version":"3.0.2","language":"en","enabled_languages":["br","en","es"],"languages":{"br":{"title":true,"content":true,"excerpt":false},"en":{"title":true,"content":true,"excerpt":false},"es":{"title":true,"content":true,"excerpt":false}}},"aioseo_notices":[],"_links":{"self":[{"href":"https:\/\/www.sorting.com.br\/en\/wp-json\/wp\/v2\/pages\/4233","targetHints":{"allow":["GET"]}}],"collection":[{"href":"https:\/\/www.sorting.com.br\/en\/wp-json\/wp\/v2\/pages"}],"about":[{"href":"https:\/\/www.sorting.com.br\/en\/wp-json\/wp\/v2\/types\/page"}],"author":[{"embeddable":true,"href":"https:\/\/www.sorting.com.br\/en\/wp-json\/wp\/v2\/users\/2"}],"replies":[{"embeddable":true,"href":"https:\/\/www.sorting.com.br\/en\/wp-json\/wp\/v2\/comments?post=4233"}],"version-history":[{"count":9,"href":"https:\/\/www.sorting.com.br\/en\/wp-json\/wp\/v2\/pages\/4233\/revisions"}],"predecessor-version":[{"id":4304,"href":"https:\/\/www.sorting.com.br\/en\/wp-json\/wp\/v2\/pages\/4233\/revisions\/4304"}],"up":[{"embeddable":true,"href":"https:\/\/www.sorting.com.br\/en\/wp-json\/wp\/v2\/pages\/1196"}],"wp:attachment":[{"href":"https:\/\/www.sorting.com.br\/en\/wp-json\/wp\/v2\/media?parent=4233"}],"curies":[{"name":"wp","href":"https:\/\/api.w.org\/{rel}","templated":true}]}}